{"id":513,"date":"2023-11-10T00:02:46","date_gmt":"2023-11-10T00:02:46","guid":{"rendered":"https:\/\/specializ-services.com\/?post_type=product&#038;p=513"},"modified":"2025-09-28T21:26:15","modified_gmt":"2025-09-28T21:26:15","slug":"parfums-baton-noir","status":"publish","type":"product","link":"https:\/\/specializ-services.com\/index.php\/produit\/parfums-baton-noir\/","title":{"rendered":"DIFFUSEUR VOITURE \u00c1 BATON NOIR"},"content":{"rendered":"","protected":false},"excerpt":{"rendered":"<p>Des diffuseurs avec b\u00e2tons naturels , bouteille en verre et ensemble de parfum d\u2019huile essentielle parfum\u00e9e, pour la d\u00e9coration de la maison et du bureau, vendus s\u00e9par\u00e9ment ou par coffret.<\/p>\n","protected":false},"featured_media":512,"comment_status":"open","ping_status":"closed","template":"","meta":[],"product_brand":[],"product_cat":[40],"product_tag":[],"class_list":{"0":"post-513","1":"product","2":"type-product","3":"status-publish","4":"has-post-thumbnail","6":"product_cat-accessoires","8":"first","9":"instock","10":"featured","11":"shipping-taxable","12":"purchasable","13":"product-type-simple"},"_links":{"self":[{"href":"https:\/\/specializ-services.com\/index.php\/wp-json\/wp\/v2\/product\/513","targetHints":{"allow":["GET"]}}],"collection":[{"href":"https:\/\/specializ-services.com\/index.php\/wp-json\/wp\/v2\/product"}],"about":[{"href":"https:\/\/specializ-services.com\/index.php\/wp-json\/wp\/v2\/types\/product"}],"replies":[{"embeddable":true,"href":"https:\/\/specializ-services.com\/index.php\/wp-json\/wp\/v2\/comments?post=513"}],"wp:featuredmedia":[{"embeddable":true,"href":"https:\/\/specializ-services.com\/index.php\/wp-json\/wp\/v2\/media\/512"}],"wp:attachment":[{"href":"https:\/\/specializ-services.com\/index.php\/wp-json\/wp\/v2\/media?parent=513"}],"wp:term":[{"taxonomy":"product_brand","embeddable":true,"href":"https:\/\/specializ-services.com\/index.php\/wp-json\/wp\/v2\/product_brand?post=513"},{"taxonomy":"product_cat","embeddable":true,"href":"https:\/\/specializ-services.com\/index.php\/wp-json\/wp\/v2\/product_cat?post=513"},{"taxonomy":"product_tag","embeddable":true,"href":"https:\/\/specializ-services.com\/index.php\/wp-json\/wp\/v2\/product_tag?post=513"}],"curies":[{"name":"wp","href":"https:\/\/api.w.org\/{rel}","templated":true}]}}